{"id":2,"date":"2013-12-11T02:16:05","date_gmt":"2013-12-11T05:16:05","guid":{"rendered":"http:\/\/www.worldtechsolutions.net\/pt\/?page_id=2"},"modified":"2016-10-11T10:54:27","modified_gmt":"2016-10-11T13:54:27","slug":"about-us","status":"publish","type":"page","link":"https:\/\/www.worldtechsolutions.net\/pt\/about-us\/","title":{"rendered":"Sobre a World Tech"},"content":{"rendered":"<h2>World Tech Solutions <small>Especialista em Hardware Novo, Usado &amp; Recondicionado.<\/small><\/h2>\n<p style=\"text-align: justify;\">Com mais de 20 anos de experi\u00eancia na comercializa\u00e7\u00e3o de produtos de TI, a World Tech Solutions \u00e9 um distribuidor internacional de servidores high-end e equipamentos de rede.<\/p>\n<p style=\"text-align: justify;\">A empresa possui o foco na distribui\u00e7\u00e3o e comercializa\u00e7\u00e3o de partes e pe\u00e7as originais para upgrades(Discos, Mem\u00f3rias, HBA\u2019s, Controladoras, Processadores, Fontes, etc) para Servidores, Storages e Blades, tanto para equipamentos em linha como tamb\u00e9m para equipamentos que j\u00e1 foram DESCONTINUADOS; al\u00e9m de produtos de redes(Roteadores, Switches, Gbics, Firewall.<\/p>\n<p style=\"text-align: justify;\">Trabalhamos com os maiores fabricantes do mercado DELL, HP, IBM, EMC, SUN, CISCO, BROCADE, SEAGATE, QLOGIC, EMULEX entre outros.<\/p>\n<p style=\"text-align: justify;\">Todos os nossos produtos semi-novos sao testados extensivamente e saem em condi\u00e7oes como novos. Devido a nossa presenca em varios paises, temos acesso a inventarios de fabricantes, distribuidores, e parceiros no mundo inteiro; o que nos permite oferecer com rapidez e efici\u00eancia a solu\u00e7\u00f5es de hardware que voce precisa e de baixo custo. Nosso objetivo \u00e9 ser o seu principal parceiro para todas as suas necessidades de equipamentos de TI . Nossos clientes s\u00e3o a nossa prioridade numero 1. World Tech Solutions tem o objetivo de satisfazer nossos clientes em cada venda, primando sempre pela agilidade e efici\u00eancia.<\/p>\n","protected":false},"excerpt":{"rendered":"<p>World Tech Solutions Especialista em Hardware Novo, Usado &amp; Recondicionado. Com mais de 20 anos de&#8230;<a href=\"https:\/\/www.worldtechsolutions.net\/pt\/about-us\/\"> Leia mais.<\/a><\/p>\n","protected":false},"author":3,"featured_media":3178,"parent":0,"menu_order":1,"comment_status":"open","ping_status":"closed","template":"","meta":{"footnotes":""},"class_list":["post-2","page","type-page","status-publish","has-post-thumbnail","hentry"],"_links":{"self":[{"href":"https:\/\/www.worldtechsolutions.net\/pt\/wp-json\/wp\/v2\/pages\/2","targetHints":{"allow":["GET"]}}],"collection":[{"href":"https:\/\/www.worldtechsolutions.net\/pt\/wp-json\/wp\/v2\/pages"}],"about":[{"href":"https:\/\/www.worldtechsolutions.net\/pt\/wp-json\/wp\/v2\/types\/page"}],"author":[{"embeddable":true,"href":"https:\/\/www.worldtechsolutions.net\/pt\/wp-json\/wp\/v2\/users\/3"}],"replies":[{"embeddable":true,"href":"https:\/\/www.worldtechsolutions.net\/pt\/wp-json\/wp\/v2\/comments?post=2"}],"version-history":[{"count":0,"href":"https:\/\/www.worldtechsolutions.net\/pt\/wp-json\/wp\/v2\/pages\/2\/revisions"}],"wp:featuredmedia":[{"embeddable":true,"href":"https:\/\/www.worldtechsolutions.net\/pt\/wp-json\/wp\/v2\/media\/3178"}],"wp:attachment":[{"href":"https:\/\/www.worldtechsolutions.net\/pt\/wp-json\/wp\/v2\/media?parent=2"}],"curies":[{"name":"wp","href":"https:\/\/api.w.org\/{rel}","templated":true}]}}