{"id":2,"date":"2013-12-11T02:16:05","date_gmt":"2013-12-11T05:16:05","guid":{"rendered":"http:\/\/www.worldtechsolutions.net\/es\/?page_id=2"},"modified":"2016-10-20T16:20:39","modified_gmt":"2016-10-20T19:20:39","slug":"about-us","status":"publish","type":"page","link":"https:\/\/www.worldtechsolutions.net\/es\/about-us\/","title":{"rendered":"Sobre a World Tech"},"content":{"rendered":"<h2>World Tech Solutions\u00a0<small>Especialista em Hardware Novo, Usado &amp; Recondicionado.<\/small><\/h2>\n<p>Con m\u00e1s de 20 a\u00f1os de experiencia, World Solutions Tech es un distribuidor internacional de servidores corporativos y equipos de red.<\/p>\n<p>No solo trabajamos con Hardware nuevo pero tambien trabajamos con equipos \u00a0y piezas Renovados. World Tech Solutions trabaja con marcas reconocidas como IBM, HP \/ Compaq, Diez, Dell, Sun Microsystems, Sony, Apple, QLogic, Emulex, entre otros. Tambi\u00e9n compra, venta y renta todos los fabricantes de equipos de red como Cisco, 3Com, Nortel, Fundici\u00f3n, Extreme, y Juniper.<\/p>\n<p>Todos nuestros productos son completamente probados, reacondicionados y en perfectas condiciones. \u00a0Se hay algo que busca y no tenemos en inventario? No hay problema, tenemos acceso a un extenso \u00a0inventario de los fabricantes, distribuidores, revendedores y socios en todo mundo; lo que nos permite ofrecer soluciones de hardware en tiempo r\u00e1pido, eficiente y de bajo costo. Nuestro objetivo es establecer un vinculo a largo plazo y ser su \u00fanica tienda- para todas sus necesidades de equipos inform\u00e1ticos.<\/p>\n","protected":false},"excerpt":{"rendered":"<p>World Tech Solutions\u00a0Especialista em Hardware Novo, Usado &amp; Recondicionado. Con m\u00e1s de 20 a\u00f1os de experiencia,&#8230;<a href=\"https:\/\/www.worldtechsolutions.net\/es\/about-us\/\"> Leia mais.<\/a><\/p>\n","protected":false},"author":4,"featured_media":3178,"parent":0,"menu_order":0,"comment_status":"open","ping_status":"closed","template":"","meta":{"footnotes":""},"class_list":["post-2","page","type-page","status-publish","has-post-thumbnail","hentry"],"_links":{"self":[{"href":"https:\/\/www.worldtechsolutions.net\/es\/wp-json\/wp\/v2\/pages\/2","targetHints":{"allow":["GET"]}}],"collection":[{"href":"https:\/\/www.worldtechsolutions.net\/es\/wp-json\/wp\/v2\/pages"}],"about":[{"href":"https:\/\/www.worldtechsolutions.net\/es\/wp-json\/wp\/v2\/types\/page"}],"author":[{"embeddable":true,"href":"https:\/\/www.worldtechsolutions.net\/es\/wp-json\/wp\/v2\/users\/4"}],"replies":[{"embeddable":true,"href":"https:\/\/www.worldtechsolutions.net\/es\/wp-json\/wp\/v2\/comments?post=2"}],"version-history":[{"count":0,"href":"https:\/\/www.worldtechsolutions.net\/es\/wp-json\/wp\/v2\/pages\/2\/revisions"}],"wp:featuredmedia":[{"embeddable":true,"href":"https:\/\/www.worldtechsolutions.net\/es\/wp-json\/wp\/v2\/media\/3178"}],"wp:attachment":[{"href":"https:\/\/www.worldtechsolutions.net\/es\/wp-json\/wp\/v2\/media?parent=2"}],"curies":[{"name":"wp","href":"https:\/\/api.w.org\/{rel}","templated":true}]}}